{"id":393,"date":"2024-07-18T14:33:06","date_gmt":"2024-07-18T14:33:06","guid":{"rendered":"https:\/\/foodiefame.com\/?page_id=393"},"modified":"2024-07-18T14:34:42","modified_gmt":"2024-07-18T14:34:42","slug":"politica-de-privacidad","status":"publish","type":"page","link":"https:\/\/foodiefame.com\/index.php\/politica-de-privacidad\/","title":{"rendered":"Pol\u00edtica de privacidad"},"content":{"rendered":"\t\t<div data-elementor-type=\"wp-page\" data-elementor-id=\"393\" class=\"elementor elementor-393\" data-elementor-post-type=\"page\">\n\t\t\t\t\t\t<section class=\"elementor-section elementor-top-section elementor-element elementor-element-8b573bc elementor-section-boxed elementor-section-height-default elementor-section-height-default\" data-id=\"8b573bc\" data-element_type=\"section\" data-e-type=\"section\">\n\t\t\t\t\t\t<div class=\"elementor-container elementor-column-gap-default\">\n\t\t\t\t\t<div class=\"elementor-column elementor-col-100 elementor-top-column elementor-element elementor-element-05f992f\" data-id=\"05f992f\" data-element_type=\"column\" data-e-type=\"column\">\n\t\t\t<div class=\"elementor-widget-wrap elementor-element-populated\">\n\t\t\t\t\t\t<div class=\"elementor-element elementor-element-f749c19 elementor-widget elementor-widget-text-editor\" data-id=\"f749c19\" data-element_type=\"widget\" data-e-type=\"widget\" data-widget_type=\"text-editor.default\">\n\t\t\t\t<div class=\"elementor-widget-container\">\n\t\t\t\t\t\t\t\t\t<h2>Pol\u00edtica de privacidad<\/h2>\n<p>En cumplimiento de lo establecido en el Reglamento (UE) 2016\/679 del Parlamento Europeo y del Consejo de 27 de abril de 2016 relativo a la protecci\u00f3n de las personas f\u00edsicas en lo que respecta al tratamiento de datos personales y a la libre circulaci\u00f3n de estos, as\u00ed como cualquier otra normativa aplicable en materia de Protecci\u00f3n de Datos, les facilitamos informaci\u00f3n ampliada en la presente Pol\u00edtica de Privacidad.<\/p>\n<h2>\u00bfQui\u00e9n es el responsable del tratamiento de sus datos?<\/h2>\n<p>Identidad: BRANDFOODIES SL (en adelante Foodiefame)<\/p>\n<p>Direcci\u00f3n Postal: C\/ Nu\u00f1ez de Balboa 12, 28001, Madrid (ESPA\u00d1A)<\/p>\n<p>Correo electr\u00f3nico: info@foodiefame.com<\/p>\n<h2>\u00bfCon qu\u00e9 finalidad tratamos sus datos personales?<\/h2>\n<p>En Foodiefame tratamos la informaci\u00f3n que nos facilitan las personas interesadas con el fin de prestar el servicio de venta on-line de comida y su entrega a domicilio, as\u00ed como para el env\u00edo de comunicaciones comerciales.<\/p>\n<h2>\u00bfPor cu\u00e1nto tiempo conservaremos sus datos?<\/h2>\n<p>Los datos personales proporcionados se conservar\u00e1n por el tiempo imprescindible para la realizaci\u00f3n de la venta on-line y durante los plazos legalmente establecidos.<\/p>\n<h2>\u00bfCu\u00e1l es la legitimaci\u00f3n para el tratamiento de sus datos?<\/h2>\n<p>La base legal para el tratamiento de sus datos es la ejecuci\u00f3n de la venta on-line y el consentimiento del interesado.<\/p>\n<h2>\u00bfA qu\u00e9 destinatarios se comunicar\u00e1n sus datos?<\/h2>\n<p>Los datos se comunicar\u00e1n a encargados de tratamiento como la empresa de log\u00edstica, otras empresas de email marketing fuera de la UE acogidos al \u00abPrivacy Shield \u00bb y a terceros necesarios para cumplir con las obligaciones legales.<\/p>\n<h2>\u00bfCompartiremos tus datos con terceros?<\/h2>\n<p>Para cumplir las finalidades indicadas en la presente Pol\u00edtica de Privacidad y Cookies, es necesario que demos acceso a tus datos personales a entidades de Foodiefame y a terceras partes que nos presten apoyo en los servicios que te ofrecemos, a saber:<\/p>\n<ul>\n<li>Entidades financieras,<\/li>\n<li>Entidades de detecci\u00f3n y prevenci\u00f3n de fraude,<\/li>\n<li>Proveedores de servicios tecnol\u00f3gicos,<\/li>\n<li>Proveedores y colaboradores de servicios de log\u00edstica, transporte y entrega,<\/li>\n<li>Proveedores y colaboradores de servicios relacionados con marketing y publicidad.<\/li>\n<\/ul>\n<h2>\u00bfCu\u00e1les son sus derechos cuando nos facilita sus datos?<\/h2>\n<p>Cualquier persona tiene derecho a obtener informaci\u00f3n sobre si en Foodiefame estamos tratando datos personales que les conciernen, o no. Las personas interesadas tienen derecho a acceder a sus datos personales, as\u00ed como a solicitar la rectificaci\u00f3n de los datos inexactos o, en su caso, solicitar su supresi\u00f3n cuando, entre otros motivos, los datos ya no sean necesarios para los fines que fueron recogidos. En determinadas circunstancias, los interesados podr\u00e1n solicitar la limitaci\u00f3n del tratamiento de sus datos, en cuyo caso \u00fanicamente los conservaremos para el ejercicio o la defensa de reclamaciones. En determinadas circunstancias y por motivos relacionados con su situaci\u00f3n particular, los interesados podr\u00e1n oponerse al tratamiento de sus datos. En este caso, Foodiefame dejar\u00e1 de tratar los datos, salvo por motivos leg\u00edtimos imperiosos, o el ejercicio o la defensa de posibles reclamaciones. Podr\u00e1 ejercitar materialmente sus derechos enviando un correo electr\u00f3nico a info@foodiefame.com identific\u00e1ndose debidamente e indicando de forma expresa el concreto derecho que se quiere ejercer. Si ha otorgado su consentimiento para alguna finalidad concreta, tiene derecho a retirar el consentimiento otorgado en cualquier momento, sin que ello afecte a la licitud del tratamiento basado en el consentimiento previo a su retirada. En caso de que sienta vulnerados sus derechos en lo concerniente a la protecci\u00f3n de sus datos personales, especialmente cuando no haya obtenido satisfacci\u00f3n en el ejercicio de sus derechos, puede presentar una reclamaci\u00f3n ante la Autoridad de Control en materia de Protecci\u00f3n de Datos competente a trav\u00e9s de su sitio web: www.agpd.es<\/p>\n<h2>M\u00e1s informaci\u00f3n sobre el tratamiento de sus datos<\/h2>\n<p>Cuando precisemos obtener informaci\u00f3n por su parte, siempre le solicitaremos que nos la proporcione voluntariamente prestando su consentimiento de forma expresa a trav\u00e9s de los medios habilitados para ello. El tratamiento de los datos recabados a trav\u00e9s de los formularios de recogida de datos del sitio web u otras v\u00edas, quedar\u00e1 incorporado al Registro de Actividades de Tratamiento del cual es responsable Foodiefame. Foodiefame trata los datos de forma confidencial y adopta las medidas t\u00e9cnicas y organizativas apropiadas para garantizar el nivel de seguridad adecuado al tratamiento, en cumplimiento de lo requerido por el Reglamento (UE) 2016\/679 del Parlamento Europeo y del Consejo de 27 de abril de 2016 y dem\u00e1s normativa aplicable en materia de Protecci\u00f3n de Datos. No obstante, Foodiefame no puede garantizar la absoluta invulnerabilidad de los sistemas, por tanto, no asume ninguna responsabilidad por los da\u00f1os y perjuicios derivados de alteraciones que terceros puedan causar en los sistemas inform\u00e1ticos, documentos electr\u00f3nicos o ficheros del usuario. Si opta por abandonar nuestro sitio web a trav\u00e9s de enlaces a sitios web no pertenecientes a nuestra entidad, Foodiefame no se har\u00e1 responsable de las pol\u00edticas de privacidad de dichos sitios web ni de las cookies que \u00e9stos puedan almacenar en el ordenador del usuario. Nuestra pol\u00edtica con respecto al env\u00edo de nuestros correos electr\u00f3nicos se centra en remitir \u00fanicamente comunicaciones que usted haya solicitado recibir. Si prefiere no recibir estos mensajes por correo electr\u00f3nico le ofreceremos a trav\u00e9s de los mismos la posibilidad de ejercer su derecho de supresi\u00f3n y renuncia a la recepci\u00f3n de estos mensajes, en conformidad con lo dispuesto en el T\u00edtulo III, art\u00edculo 22 de la Ley 34\/2002, de Servicios para la Sociedad de la Informaci\u00f3n y de Comercio Electr\u00f3nico<\/p>\t\t\t\t\t\t\t\t<\/div>\n\t\t\t\t<\/div>\n\t\t\t\t\t<\/div>\n\t\t<\/div>\n\t\t\t\t\t<\/div>\n\t\t<\/section>\n\t\t\t\t<\/div>\n\t\t","protected":false},"excerpt":{"rendered":"<p>Pol\u00edtica de privacidad En cumplimiento de lo establecido en el Reglamento (UE) 2016\/679 del Parlamento Europeo y del Consejo de 27 de abril de 2016 relativo a la protecci\u00f3n de las personas f\u00edsicas en lo que respecta al tratamiento de datos personales y a la libre circulaci\u00f3n de estos, as\u00ed como cualquier otra normativa aplicable [&hellip;]<\/p>\n","protected":false},"author":1,"featured_media":0,"parent":0,"menu_order":0,"comment_status":"closed","ping_status":"closed","template":"elementor_canvas","meta":{"footnotes":""},"class_list":["post-393","page","type-page","status-publish","hentry"],"yoast_head":"<!-- This site is optimized with the Yoast SEO plugin v26.5 - https:\/\/yoast.com\/wordpress\/plugins\/seo\/ -->\n<title>Pol\u00edtica de privacidad - Foodiefame<\/title>\n<meta name=\"robots\" content=\"index, follow, max-snippet:-1, max-image-preview:large, max-video-preview:-1\" \/>\n<link rel=\"canonical\" href=\"https:\/\/foodiefame.com\/index.php\/politica-de-privacidad\/\" \/>\n<meta property=\"og:locale\" content=\"es_ES\" \/>\n<meta property=\"og:type\" content=\"article\" \/>\n<meta property=\"og:title\" content=\"Pol\u00edtica de privacidad - Foodiefame\" \/>\n<meta property=\"og:description\" content=\"Pol\u00edtica de privacidad En cumplimiento de lo establecido en el Reglamento (UE) 2016\/679 del Parlamento Europeo y del Consejo de 27 de abril de 2016 relativo a la protecci\u00f3n de las personas f\u00edsicas en lo que respecta al tratamiento de datos personales y a la libre circulaci\u00f3n de estos, as\u00ed como cualquier otra normativa aplicable [&hellip;]\" \/>\n<meta property=\"og:url\" content=\"https:\/\/foodiefame.com\/index.php\/politica-de-privacidad\/\" \/>\n<meta property=\"og:site_name\" content=\"Foodiefame\" \/>\n<meta property=\"article:modified_time\" content=\"2024-07-18T14:34:42+00:00\" \/>\n<meta name=\"twitter:card\" content=\"summary_large_image\" \/>\n<meta name=\"twitter:label1\" content=\"Tiempo de lectura\" \/>\n\t<meta name=\"twitter:data1\" content=\"5 minutos\" \/>\n<script type=\"application\/ld+json\" class=\"yoast-schema-graph\">{\"@context\":\"https:\/\/schema.org\",\"@graph\":[{\"@type\":\"WebPage\",\"@id\":\"https:\/\/foodiefame.com\/index.php\/politica-de-privacidad\/\",\"url\":\"https:\/\/foodiefame.com\/index.php\/politica-de-privacidad\/\",\"name\":\"Pol\u00edtica de privacidad - Foodiefame\",\"isPartOf\":{\"@id\":\"https:\/\/foodiefame.com\/#website\"},\"datePublished\":\"2024-07-18T14:33:06+00:00\",\"dateModified\":\"2024-07-18T14:34:42+00:00\",\"breadcrumb\":{\"@id\":\"https:\/\/foodiefame.com\/index.php\/politica-de-privacidad\/#breadcrumb\"},\"inLanguage\":\"es\",\"potentialAction\":[{\"@type\":\"ReadAction\",\"target\":[\"https:\/\/foodiefame.com\/index.php\/politica-de-privacidad\/\"]}]},{\"@type\":\"BreadcrumbList\",\"@id\":\"https:\/\/foodiefame.com\/index.php\/politica-de-privacidad\/#breadcrumb\",\"itemListElement\":[{\"@type\":\"ListItem\",\"position\":1,\"name\":\"Portada\",\"item\":\"https:\/\/foodiefame.com\/\"},{\"@type\":\"ListItem\",\"position\":2,\"name\":\"Pol\u00edtica de privacidad\"}]},{\"@type\":\"WebSite\",\"@id\":\"https:\/\/foodiefame.com\/#website\",\"url\":\"https:\/\/foodiefame.com\/\",\"name\":\"Foodiefame\",\"description\":\"\",\"potentialAction\":[{\"@type\":\"SearchAction\",\"target\":{\"@type\":\"EntryPoint\",\"urlTemplate\":\"https:\/\/foodiefame.com\/?s={search_term_string}\"},\"query-input\":{\"@type\":\"PropertyValueSpecification\",\"valueRequired\":true,\"valueName\":\"search_term_string\"}}],\"inLanguage\":\"es\"}]}<\/script>\n<!-- \/ Yoast SEO plugin. -->","yoast_head_json":{"title":"Pol\u00edtica de privacidad - Foodiefame","robots":{"index":"index","follow":"follow","max-snippet":"max-snippet:-1","max-image-preview":"max-image-preview:large","max-video-preview":"max-video-preview:-1"},"canonical":"https:\/\/foodiefame.com\/index.php\/politica-de-privacidad\/","og_locale":"es_ES","og_type":"article","og_title":"Pol\u00edtica de privacidad - Foodiefame","og_description":"Pol\u00edtica de privacidad En cumplimiento de lo establecido en el Reglamento (UE) 2016\/679 del Parlamento Europeo y del Consejo de 27 de abril de 2016 relativo a la protecci\u00f3n de las personas f\u00edsicas en lo que respecta al tratamiento de datos personales y a la libre circulaci\u00f3n de estos, as\u00ed como cualquier otra normativa aplicable [&hellip;]","og_url":"https:\/\/foodiefame.com\/index.php\/politica-de-privacidad\/","og_site_name":"Foodiefame","article_modified_time":"2024-07-18T14:34:42+00:00","twitter_card":"summary_large_image","twitter_misc":{"Tiempo de lectura":"5 minutos"},"schema":{"@context":"https:\/\/schema.org","@graph":[{"@type":"WebPage","@id":"https:\/\/foodiefame.com\/index.php\/politica-de-privacidad\/","url":"https:\/\/foodiefame.com\/index.php\/politica-de-privacidad\/","name":"Pol\u00edtica de privacidad - Foodiefame","isPartOf":{"@id":"https:\/\/foodiefame.com\/#website"},"datePublished":"2024-07-18T14:33:06+00:00","dateModified":"2024-07-18T14:34:42+00:00","breadcrumb":{"@id":"https:\/\/foodiefame.com\/index.php\/politica-de-privacidad\/#breadcrumb"},"inLanguage":"es","potentialAction":[{"@type":"ReadAction","target":["https:\/\/foodiefame.com\/index.php\/politica-de-privacidad\/"]}]},{"@type":"BreadcrumbList","@id":"https:\/\/foodiefame.com\/index.php\/politica-de-privacidad\/#breadcrumb","itemListElement":[{"@type":"ListItem","position":1,"name":"Portada","item":"https:\/\/foodiefame.com\/"},{"@type":"ListItem","position":2,"name":"Pol\u00edtica de privacidad"}]},{"@type":"WebSite","@id":"https:\/\/foodiefame.com\/#website","url":"https:\/\/foodiefame.com\/","name":"Foodiefame","description":"","potentialAction":[{"@type":"SearchAction","target":{"@type":"EntryPoint","urlTemplate":"https:\/\/foodiefame.com\/?s={search_term_string}"},"query-input":{"@type":"PropertyValueSpecification","valueRequired":true,"valueName":"search_term_string"}}],"inLanguage":"es"}]}},"_links":{"self":[{"href":"https:\/\/foodiefame.com\/index.php\/wp-json\/wp\/v2\/pages\/393","targetHints":{"allow":["GET"]}}],"collection":[{"href":"https:\/\/foodiefame.com\/index.php\/wp-json\/wp\/v2\/pages"}],"about":[{"href":"https:\/\/foodiefame.com\/index.php\/wp-json\/wp\/v2\/types\/page"}],"author":[{"embeddable":true,"href":"https:\/\/foodiefame.com\/index.php\/wp-json\/wp\/v2\/users\/1"}],"replies":[{"embeddable":true,"href":"https:\/\/foodiefame.com\/index.php\/wp-json\/wp\/v2\/comments?post=393"}],"version-history":[{"count":4,"href":"https:\/\/foodiefame.com\/index.php\/wp-json\/wp\/v2\/pages\/393\/revisions"}],"predecessor-version":[{"id":397,"href":"https:\/\/foodiefame.com\/index.php\/wp-json\/wp\/v2\/pages\/393\/revisions\/397"}],"wp:attachment":[{"href":"https:\/\/foodiefame.com\/index.php\/wp-json\/wp\/v2\/media?parent=393"}],"curies":[{"name":"wp","href":"https:\/\/api.w.org\/{rel}","templated":true}]}}